{"id":2353,"date":"2016-08-15T18:20:43","date_gmt":"2016-08-15T16:20:43","guid":{"rendered":"http:\/\/www.karinoberhofer.com\/?page_id=2353"},"modified":"2017-05-29T16:29:50","modified_gmt":"2017-05-29T14:29:50","slug":"home-de-3","status":"publish","type":"page","link":"https:\/\/www.karinoberhofer.com\/de\/","title":{"rendered":"Home-de"},"content":{"rendered":"<div class=\"fusion-fullwidth fullwidth-box fusion-builder-row-1 hundred-percent-fullwidth non-hundred-percent-height-scrolling\" style=\"background-color: #ffffff;background-position: center center;background-repeat: no-repeat;padding-top:0px;padding-right:0px;padding-bottom:0px;padding-left:0px;margin-bottom: 0px;margin-top: 0px;border-width: 0px 0px 0px 0px;border-color:#eae9e9;border-style:solid;\" ><div class=\"fusion-builder-row fusion-row\"><div class=\"fusion-layout-column fusion_builder_column fusion-builder-column-0 fusion_builder_column_1_1 1_1 fusion-one-full fusion-column-first fusion-column-last fusion-column-no-min-height\" style=\"margin-top:0px;margin-bottom:0px;\"><div class=\"fusion-column-wrapper fusion-flex-column-wrapper-legacy\" style=\"background-position:left top;background-repeat:no-repeat;-webkit-background-size:cover;-moz-background-size:cover;-o-background-size:cover;background-size:cover;padding: 0px 0px 0px 0px;\"><div class=\"fusion-blog-shortcode fusion-blog-shortcode-1 fusion-blog-archive fusion-blog-layout-medium fusion-blog-pagination\"><div class=\"fusion-posts-container fusion-posts-container-pagination fusion-blog-rollover\" data-pages=\"7\"><article id=\"blog-1-post-2839\" class=\"fusion-post-medium post-2839 post type-post status-publish format-standard has-post-thumbnail hentry category-veranstaltung\">\n\t<style type=\"text\/css\">\n\t\t\n\t\t\n\t\t\n\t\t\n\t\t\t<\/style>\n\n\n\t\t\t<div class=\"fusion-flexslider flexslider fusion-flexslider-loading fusion-post-slideshow\" style=\"\">\n\t\t<ul class=\"slides\">\n\t\t\t\n\t\t\t\t\t\t\t\t\t\t\t\t\t\t<li><div  class=\"fusion-image-wrapper fusion-image-size-fixed\" aria-haspopup=\"true\">\n\t\t\t\t  <img width=\"320\" height=\"202\" src=\"https:\/\/www.karinoberhofer.com\/wp-content\/uploads\/2018\/05\/paul-karin-oberhofer-320x202.jpeg\" class=\"attachment-blog-medium size-blog-medium wp-post-image\" alt=\"\" srcset=\"https:\/\/www.karinoberhofer.com\/wp-content\/uploads\/2018\/05\/paul-karin-oberhofer-320x202.jpeg 320w, https:\/\/www.karinoberhofer.com\/wp-content\/uploads\/2018\/05\/paul-karin-oberhofer-700x441.jpeg 700w\" sizes=\"(max-width: 320px) 100vw, 320px\" \/><div class=\"fusion-rollover\">\n\t<div class=\"fusion-rollover-content\">\n\n\t\t\t\t\n\t\t\n\t\t\t\t\t\t\t\t\t\t\t\t<h4 class=\"fusion-rollover-title\">\n\t\t\t\t\t<a class=\"fusion-rollover-title-link\" href=\"https:\/\/www.karinoberhofer.com\/de\/wohin-du-auch-gehst-geh-mit-deinem-ganzen-herzen\/\">\n\t\t\t\t\t\tWohin du auch gehst, geh mit deinem ganzen Herzen&#8230;\t\t\t\t\t<\/a>\n\t\t\t\t<\/h4>\n\t\t\t\n\t\t\t\t\t\t\t\t\n\t\t\n\t\t\t\t\t\t<a class=\"fusion-link-wrapper\" href=\"https:\/\/www.karinoberhofer.com\/de\/wohin-du-auch-gehst-geh-mit-deinem-ganzen-herzen\/\" aria-label=\"Wohin du auch gehst, geh mit deinem ganzen Herzen&#8230;\"><\/a>\n\t<\/div>\n<\/div>\n<\/div>\n<\/li>\n\t\t\t\n\t\t\t\n\t\t\t\t\t\t\t\t\t\t\t\t\t\t\t\t\t\t\t\t\t\t\t\t\t\t\t\t\t\t\t\t\t\t\t\t\t\t\t\t\t\t\t\t\t\t\t\t\t\t\t\t\t\t\t\t\t\t\t\t\t\t\t\t\t\t\t\t<\/ul>\n\t<\/div>\n\t<div class=\"fusion-post-content post-content\"><h2 class=\"blog-shortcode-post-title entry-title\"><a href=\"https:\/\/www.karinoberhofer.com\/de\/wohin-du-auch-gehst-geh-mit-deinem-ganzen-herzen\/\">Wohin du auch gehst, geh mit deinem ganzen Herzen&#8230;<\/a><\/h2><div class=\"fusion-post-content-container\"><p>Heute wird mein Sohn 10 Monate alt und ich habe nach langer \u00dcberlegung entschieden mit dem Leistungsport aufzuh\u00f6ren. Meine Motivation und Freude zum Biathlon ist <a href=\"https:\/\/www.karinoberhofer.com\/de\/wohin-du-auch-gehst-geh-mit-deinem-ganzen-herzen\/\">[...]<\/a><\/p><\/div><\/div><div class=\"fusion-clearfix\"><\/div><div class=\"fusion-meta-info\"><div class=\"fusion-alignleft\"><span class=\"vcard\" style=\"display: none;\"><span class=\"fn\"><a href=\"https:\/\/www.karinoberhofer.com\/de\/author\/karin\/\" title=\"Beitr\u00e4ge von Karin\" rel=\"author\">Karin<\/a><\/span><\/span><span class=\"updated\" style=\"display:none;\">2018-05-11T19:15:53+02:00<\/span><span>11 Mai 2018<\/span><span class=\"fusion-inline-sep\">|<\/span><a href=\"https:\/\/www.karinoberhofer.com\/de\/category\/veranstaltung\/\" rel=\"category tag\">Veranstaltung<\/a><span class=\"fusion-inline-sep\">|<\/span><span class=\"fusion-comments\"><a href=\"https:\/\/www.karinoberhofer.com\/de\/wohin-du-auch-gehst-geh-mit-deinem-ganzen-herzen\/#respond\">0 Comments<\/a><\/span><\/div><div class=\"fusion-alignright\"><a class=\"fusion-read-more\" href=\"https:\/\/www.karinoberhofer.com\/de\/wohin-du-auch-gehst-geh-mit-deinem-ganzen-herzen\/\" aria-label=\"More on Wohin du auch gehst, geh mit deinem ganzen Herzen&#8230;\">Read More<\/a><\/div><\/div><\/article>\n<article id=\"blog-1-post-2798\" class=\"fusion-post-medium post-2798 post type-post status-publish format-standard has-post-thumbnail hentry category-veranstaltung\">\n\t<style type=\"text\/css\">\n\t\t\n\t\t\n\t\t\n\t\t\n\t\t\t<\/style>\n\n\n\t\t\t<div class=\"fusion-flexslider flexslider fusion-flexslider-loading fusion-post-slideshow\" style=\"\">\n\t\t<ul class=\"slides\">\n\t\t\t\n\t\t\t\t\t\t\t\t\t\t\t\t\t\t<li><div  class=\"fusion-image-wrapper fusion-image-size-fixed\" aria-haspopup=\"true\">\n\t\t\t\t  <img width=\"320\" height=\"202\" src=\"https:\/\/www.karinoberhofer.com\/wp-content\/uploads\/2017\/05\/lettino-bambino-jungmann-320x202.jpg\" class=\"attachment-blog-medium size-blog-medium wp-post-image\" alt=\"Happy Baby Jungmann\" srcset=\"https:\/\/www.karinoberhofer.com\/wp-content\/uploads\/2017\/05\/lettino-bambino-jungmann-320x202.jpg 320w, https:\/\/www.karinoberhofer.com\/wp-content\/uploads\/2017\/05\/lettino-bambino-jungmann-700x441.jpg 700w\" sizes=\"(max-width: 320px) 100vw, 320px\" \/><div class=\"fusion-rollover\">\n\t<div class=\"fusion-rollover-content\">\n\n\t\t\t\t\n\t\t\n\t\t\t\t\t\t\t\t\t\t\t\t<h4 class=\"fusion-rollover-title\">\n\t\t\t\t\t<a class=\"fusion-rollover-title-link\" href=\"https:\/\/www.karinoberhofer.com\/de\/neues-feeling-neue-herausforderungen\/\">\n\t\t\t\t\t\tNeues Feeling, neue Herausforderungen\t\t\t\t\t<\/a>\n\t\t\t\t<\/h4>\n\t\t\t\n\t\t\t\t\t\t\t\t\n\t\t\n\t\t\t\t\t\t<a class=\"fusion-link-wrapper\" href=\"https:\/\/www.karinoberhofer.com\/de\/neues-feeling-neue-herausforderungen\/\" aria-label=\"Neues Feeling, neue Herausforderungen\"><\/a>\n\t<\/div>\n<\/div>\n<\/div>\n<\/li>\n\t\t\t\n\t\t\t\n\t\t\t\t\t\t\t\t\t\t\t\t\t\t\t\t\t\t\t\t\t\t\t\t\t\t\t\t\t\t\t\t\t\t\t\t\t\t\t\t\t\t\t\t\t\t\t\t\t\t\t\t\t\t\t\t\t\t\t\t\t\t\t\t\t\t\t\t<\/ul>\n\t<\/div>\n\t<div class=\"fusion-post-content post-content\"><h2 class=\"blog-shortcode-post-title entry-title\"><a href=\"https:\/\/www.karinoberhofer.com\/de\/neues-feeling-neue-herausforderungen\/\">Neues Feeling, neue Herausforderungen<\/a><\/h2><div class=\"fusion-post-content-container\"><p>Neues Feeling, neue Herausforderungen, Spannend und aufregend gleichzeitig, jeder Tag ist anders, aber ich versuche einfach auf meinen K\u00f6rper zu h\u00f6ren und seine Signale, seine <a href=\"https:\/\/www.karinoberhofer.com\/de\/neues-feeling-neue-herausforderungen\/\">[...]<\/a><\/p><\/div><\/div><div class=\"fusion-clearfix\"><\/div><div class=\"fusion-meta-info\"><div class=\"fusion-alignleft\"><span class=\"vcard\" style=\"display: none;\"><span class=\"fn\"><a href=\"https:\/\/www.karinoberhofer.com\/de\/author\/karin\/\" title=\"Beitr\u00e4ge von Karin\" rel=\"author\">Karin<\/a><\/span><\/span><span class=\"updated\" style=\"display:none;\">2017-05-29T22:01:12+02:00<\/span><span>29 Mai 2017<\/span><span class=\"fusion-inline-sep\">|<\/span><a href=\"https:\/\/www.karinoberhofer.com\/de\/category\/veranstaltung\/\" rel=\"category tag\">Veranstaltung<\/a><span class=\"fusion-inline-sep\">|<\/span><span class=\"fusion-comments\"><a href=\"https:\/\/www.karinoberhofer.com\/de\/neues-feeling-neue-herausforderungen\/#respond\">0 Comments<\/a><\/span><\/div><div class=\"fusion-alignright\"><a class=\"fusion-read-more\" href=\"https:\/\/www.karinoberhofer.com\/de\/neues-feeling-neue-herausforderungen\/\" aria-label=\"More on Neues Feeling, neue Herausforderungen\">Read More<\/a><\/div><\/div><\/article>\n<article id=\"blog-1-post-2598\" class=\"fusion-post-medium post-2598 post type-post status-publish format-standard has-post-thumbnail hentry category-freizeit\">\n\t<style type=\"text\/css\">\n\t\t\n\t\t\n\t\t\n\t\t\n\t\t\t<\/style>\n\n\n\t\t\t<div class=\"fusion-flexslider flexslider fusion-flexslider-loading fusion-post-slideshow\" style=\"\">\n\t\t<ul class=\"slides\">\n\t\t\t\n\t\t\t\t\t\t\t\t\t\t\t\t\t\t<li><div  class=\"fusion-image-wrapper fusion-image-size-fixed\" aria-haspopup=\"true\">\n\t\t\t\t  <img width=\"320\" height=\"202\" src=\"https:\/\/www.karinoberhofer.com\/wp-content\/uploads\/2017\/04\/audi-vacanza-sardegna-2-320x202.jpg\" class=\"attachment-blog-medium size-blog-medium wp-post-image\" alt=\"\" srcset=\"https:\/\/www.karinoberhofer.com\/wp-content\/uploads\/2017\/04\/audi-vacanza-sardegna-2-320x202.jpg 320w, https:\/\/www.karinoberhofer.com\/wp-content\/uploads\/2017\/04\/audi-vacanza-sardegna-2-700x441.jpg 700w\" sizes=\"(max-width: 320px) 100vw, 320px\" \/><div class=\"fusion-rollover\">\n\t<div class=\"fusion-rollover-content\">\n\n\t\t\t\t\n\t\t\n\t\t\t\t\t\t\t\t\t\t\t\t<h4 class=\"fusion-rollover-title\">\n\t\t\t\t\t<a class=\"fusion-rollover-title-link\" href=\"https:\/\/www.karinoberhofer.com\/de\/urlaub-auf-sardinien-mit-familie-und-rad\/\">\n\t\t\t\t\t\tUrlaub auf Sardinien mit Familie und Rad!\t\t\t\t\t<\/a>\n\t\t\t\t<\/h4>\n\t\t\t\n\t\t\t\t\t\t\t\t\n\t\t\n\t\t\t\t\t\t<a class=\"fusion-link-wrapper\" href=\"https:\/\/www.karinoberhofer.com\/de\/urlaub-auf-sardinien-mit-familie-und-rad\/\" aria-label=\"Urlaub auf Sardinien mit Familie und Rad!\"><\/a>\n\t<\/div>\n<\/div>\n<\/div>\n<\/li>\n\t\t\t\n\t\t\t\n\t\t\t\t\t\t\t\t\t\t\t\t\t\t\t\t\t\t\t\t\t\t\t\t\t\t\t\t\t\t\t\t\t\t\t\t\t\t\t\t\t\t\t\t\t\t\t\t\t\t\t\t\t\t\t\t\t\t\t\t\t\t\t\t\t\t\t\t<\/ul>\n\t<\/div>\n\t<div class=\"fusion-post-content post-content\"><h2 class=\"blog-shortcode-post-title entry-title\"><a href=\"https:\/\/www.karinoberhofer.com\/de\/urlaub-auf-sardinien-mit-familie-und-rad\/\">Urlaub auf Sardinien mit Familie und Rad!<\/a><\/h2><div class=\"fusion-post-content-container\"><p>Sardinien ist jetzt wundersch\u00f6n, alles gr\u00fcn und in voller Bl\u00fcte, sauberes klares Wasser und frische Luft. Auf den Stra\u00dfen war kein Verkehr also war es <a href=\"https:\/\/www.karinoberhofer.com\/de\/urlaub-auf-sardinien-mit-familie-und-rad\/\">[...]<\/a><\/p><\/div><\/div><div class=\"fusion-clearfix\"><\/div><div class=\"fusion-meta-info\"><div class=\"fusion-alignleft\"><span class=\"vcard\" style=\"display: none;\"><span class=\"fn\"><a href=\"https:\/\/www.karinoberhofer.com\/de\/author\/karin\/\" title=\"Beitr\u00e4ge von Karin\" rel=\"author\">Karin<\/a><\/span><\/span><span class=\"updated\" style=\"display:none;\">2017-05-29T17:01:34+02:00<\/span><span>10 April 2017<\/span><span class=\"fusion-inline-sep\">|<\/span><a href=\"https:\/\/www.karinoberhofer.com\/de\/category\/freizeit\/\" rel=\"category tag\">Freizeit<\/a><span class=\"fusion-inline-sep\">|<\/span><span class=\"fusion-comments\"><a href=\"https:\/\/www.karinoberhofer.com\/de\/urlaub-auf-sardinien-mit-familie-und-rad\/#respond\">0 Comments<\/a><\/span><\/div><div class=\"fusion-alignright\"><a class=\"fusion-read-more\" href=\"https:\/\/www.karinoberhofer.com\/de\/urlaub-auf-sardinien-mit-familie-und-rad\/\" aria-label=\"More on Urlaub auf Sardinien mit Familie und Rad!\">Read More<\/a><\/div><\/div><\/article>\n<article id=\"blog-1-post-2584\" class=\"fusion-post-medium post-2584 post type-post status-publish format-standard has-post-thumbnail hentry category-veranstaltung\">\n\t<style type=\"text\/css\">\n\t\t\n\t\t\n\t\t\n\t\t\n\t\t\t<\/style>\n\n\n\t\t\t<div class=\"fusion-flexslider flexslider fusion-flexslider-loading fusion-post-slideshow\" style=\"\">\n\t\t<ul class=\"slides\">\n\t\t\t\n\t\t\t\t\t\t\t\t\t\t\t\t\t\t<li><div  class=\"fusion-image-wrapper fusion-image-size-fixed\" aria-haspopup=\"true\">\n\t\t\t\t  <img width=\"320\" height=\"202\" src=\"https:\/\/www.karinoberhofer.com\/wp-content\/uploads\/2017\/02\/karin-allenamento-fb-320x202.jpg\" class=\"attachment-blog-medium size-blog-medium wp-post-image\" alt=\"Karin allenamento\" srcset=\"https:\/\/www.karinoberhofer.com\/wp-content\/uploads\/2017\/02\/karin-allenamento-fb-320x202.jpg 320w, https:\/\/www.karinoberhofer.com\/wp-content\/uploads\/2017\/02\/karin-allenamento-fb-700x441.jpg 700w\" sizes=\"(max-width: 320px) 100vw, 320px\" \/><div class=\"fusion-rollover\">\n\t<div class=\"fusion-rollover-content\">\n\n\t\t\t\t\n\t\t\n\t\t\t\t\t\t\t\t\t\t\t\t<h4 class=\"fusion-rollover-title\">\n\t\t\t\t\t<a class=\"fusion-rollover-title-link\" href=\"https:\/\/www.karinoberhofer.com\/de\/thats-life-de\/\">\n\t\t\t\t\t\tThat&#8217;s life\t\t\t\t\t<\/a>\n\t\t\t\t<\/h4>\n\t\t\t\n\t\t\t\t\t\t\t\t\n\t\t\n\t\t\t\t\t\t<a class=\"fusion-link-wrapper\" href=\"https:\/\/www.karinoberhofer.com\/de\/thats-life-de\/\" aria-label=\"That&#8217;s life\"><\/a>\n\t<\/div>\n<\/div>\n<\/div>\n<\/li>\n\t\t\t\n\t\t\t\n\t\t\t\t\t\t\t\t\t\t\t\t\t\t\t\t\t\t\t\t\t\t\t\t\t\t\t\t\t\t\t\t\t\t\t\t\t\t\t\t\t\t\t\t\t\t\t\t\t\t\t\t\t\t\t\t\t\t\t\t\t\t\t\t\t\t\t\t<\/ul>\n\t<\/div>\n\t<div class=\"fusion-post-content post-content\"><h2 class=\"blog-shortcode-post-title entry-title\"><a href=\"https:\/\/www.karinoberhofer.com\/de\/thats-life-de\/\">That&#8217;s life<\/a><\/h2><div class=\"fusion-post-content-container\"><p>    That's life Die Zeit heilt bekanntlich Wunden Es gibt Zeiten, wo meine Tr\u00e4nen flie\u00dfen, weil ich ihn Vermisse, weil er mir <a href=\"https:\/\/www.karinoberhofer.com\/de\/thats-life-de\/\">[...]<\/a><\/p><\/div><\/div><div class=\"fusion-clearfix\"><\/div><div class=\"fusion-meta-info\"><div class=\"fusion-alignleft\"><span class=\"vcard\" style=\"display: none;\"><span class=\"fn\"><a href=\"https:\/\/www.karinoberhofer.com\/de\/author\/karin\/\" title=\"Beitr\u00e4ge von Karin\" rel=\"author\">Karin<\/a><\/span><\/span><span class=\"updated\" style=\"display:none;\">2017-05-29T17:02:08+02:00<\/span><span>18 Februar 2017<\/span><span class=\"fusion-inline-sep\">|<\/span><a href=\"https:\/\/www.karinoberhofer.com\/de\/category\/veranstaltung\/\" rel=\"category tag\">Veranstaltung<\/a><span class=\"fusion-inline-sep\">|<\/span><span class=\"fusion-comments\"><a href=\"https:\/\/www.karinoberhofer.com\/de\/thats-life-de\/#respond\">0 Comments<\/a><\/span><\/div><div class=\"fusion-alignright\"><a class=\"fusion-read-more\" href=\"https:\/\/www.karinoberhofer.com\/de\/thats-life-de\/\" aria-label=\"More on That&#8217;s life\">Read More<\/a><\/div><\/div><\/article>\n<article id=\"blog-1-post-2558\" class=\"fusion-post-medium post-2558 post type-post status-publish format-standard has-post-thumbnail hentry category-veranstaltung\">\n\t<style type=\"text\/css\">\n\t\t\n\t\t\n\t\t\n\t\t\n\t\t\t<\/style>\n\n\n\t\t\t<div class=\"fusion-flexslider flexslider fusion-flexslider-loading fusion-post-slideshow\" style=\"\">\n\t\t<ul class=\"slides\">\n\t\t\t\n\t\t\t\t\t\t\t\t\t\t\t\t\t\t<li><div  class=\"fusion-image-wrapper fusion-image-size-fixed\" aria-haspopup=\"true\">\n\t\t\t\t  <img width=\"320\" height=\"202\" src=\"https:\/\/www.karinoberhofer.com\/wp-content\/uploads\/2017\/01\/maternita-320x202.jpg\" class=\"attachment-blog-medium size-blog-medium wp-post-image\" alt=\"\" srcset=\"https:\/\/www.karinoberhofer.com\/wp-content\/uploads\/2017\/01\/maternita-320x202.jpg 320w, https:\/\/www.karinoberhofer.com\/wp-content\/uploads\/2017\/01\/maternita-700x441.jpg 700w\" sizes=\"(max-width: 320px) 100vw, 320px\" \/><div class=\"fusion-rollover\">\n\t<div class=\"fusion-rollover-content\">\n\n\t\t\t\t\n\t\t\n\t\t\t\t\t\t\t\t\t\t\t\t<h4 class=\"fusion-rollover-title\">\n\t\t\t\t\t<a class=\"fusion-rollover-title-link\" href=\"https:\/\/www.karinoberhofer.com\/de\/mutterschaft\/\">\n\t\t\t\t\t\tMutterschaft\t\t\t\t\t<\/a>\n\t\t\t\t<\/h4>\n\t\t\t\n\t\t\t\t\t\t\t\t\n\t\t\n\t\t\t\t\t\t<a class=\"fusion-link-wrapper\" href=\"https:\/\/www.karinoberhofer.com\/de\/mutterschaft\/\" aria-label=\"Mutterschaft\"><\/a>\n\t<\/div>\n<\/div>\n<\/div>\n<\/li>\n\t\t\t\n\t\t\t\n\t\t\t\t\t\t\t\t\t\t\t\t\t\t\t\t\t\t\t\t\t\t\t\t\t\t\t\t\t\t\t\t\t\t\t\t\t\t\t\t\t\t\t\t\t\t\t\t\t\t\t\t\t\t\t\t\t\t\t\t\t\t\t\t\t\t\t\t<\/ul>\n\t<\/div>\n\t<div class=\"fusion-post-content post-content\"><h2 class=\"blog-shortcode-post-title entry-title\"><a href=\"https:\/\/www.karinoberhofer.com\/de\/mutterschaft\/\">Mutterschaft<\/a><\/h2><div class=\"fusion-post-content-container\"><p>F\u00fcr manche... ein Schock, f\u00fcr manche... eine \u00dcberraschung, f\u00fcr manche... ein Geschenk, f\u00fcr manche... ein Neubeginn, f\u00fcr manche... ein Verbl\u00fcffung, f\u00fcr manche... ein Ereignis, f\u00fcr <a href=\"https:\/\/www.karinoberhofer.com\/de\/mutterschaft\/\">[...]<\/a><\/p><\/div><\/div><div class=\"fusion-clearfix\"><\/div><div class=\"fusion-meta-info\"><div class=\"fusion-alignleft\"><span class=\"vcard\" style=\"display: none;\"><span class=\"fn\"><a href=\"https:\/\/www.karinoberhofer.com\/de\/author\/karin\/\" title=\"Beitr\u00e4ge von Karin\" rel=\"author\">Karin<\/a><\/span><\/span><span class=\"updated\" style=\"display:none;\">2017-05-29T15:56:08+02:00<\/span><span>19 Januar 2017<\/span><span class=\"fusion-inline-sep\">|<\/span><a href=\"https:\/\/www.karinoberhofer.com\/de\/category\/veranstaltung\/\" rel=\"category tag\">Veranstaltung<\/a><span class=\"fusion-inline-sep\">|<\/span><span class=\"fusion-comments\"><a href=\"https:\/\/www.karinoberhofer.com\/de\/mutterschaft\/#comments\">7 Comments<\/a><\/span><\/div><div class=\"fusion-alignright\"><a class=\"fusion-read-more\" href=\"https:\/\/www.karinoberhofer.com\/de\/mutterschaft\/\" aria-label=\"More on Mutterschaft\">Read More<\/a><\/div><\/div><\/article>\n<article id=\"blog-1-post-2544\" class=\"fusion-post-medium post-2544 post type-post status-publish format-standard has-post-thumbnail hentry category-freizeit\">\n\t<style type=\"text\/css\">\n\t\t\n\t\t\n\t\t\n\t\t\n\t\t\t<\/style>\n\n\n\t\t\t<div class=\"fusion-flexslider flexslider fusion-flexslider-loading fusion-post-slideshow\" style=\"\">\n\t\t<ul class=\"slides\">\n\t\t\t\n\t\t\t\t\t\t\t\t\t\t\t\t\t\t<li><div  class=\"fusion-image-wrapper fusion-image-size-fixed\" aria-haspopup=\"true\">\n\t\t\t\t  <img width=\"320\" height=\"202\" src=\"https:\/\/www.karinoberhofer.com\/wp-content\/uploads\/2016\/11\/karin-oberhofer-rebello-320x202.jpeg\" class=\"attachment-blog-medium size-blog-medium wp-post-image\" alt=\"Rebello\" srcset=\"https:\/\/www.karinoberhofer.com\/wp-content\/uploads\/2016\/11\/karin-oberhofer-rebello-320x202.jpeg 320w, https:\/\/www.karinoberhofer.com\/wp-content\/uploads\/2016\/11\/karin-oberhofer-rebello-700x441.jpeg 700w\" sizes=\"(max-width: 320px) 100vw, 320px\" \/><div class=\"fusion-rollover\">\n\t<div class=\"fusion-rollover-content\">\n\n\t\t\t\t\n\t\t\n\t\t\t\t\t\t\t\t\t\t\t\t<h4 class=\"fusion-rollover-title\">\n\t\t\t\t\t<a class=\"fusion-rollover-title-link\" href=\"https:\/\/www.karinoberhofer.com\/de\/kennt-ihr-re-bello\/\">\n\t\t\t\t\t\tKennt ihr RE-BELLO?\t\t\t\t\t<\/a>\n\t\t\t\t<\/h4>\n\t\t\t\n\t\t\t\t\t\t\t\t\n\t\t\n\t\t\t\t\t\t<a class=\"fusion-link-wrapper\" href=\"https:\/\/www.karinoberhofer.com\/de\/kennt-ihr-re-bello\/\" aria-label=\"Kennt ihr RE-BELLO?\"><\/a>\n\t<\/div>\n<\/div>\n<\/div>\n<\/li>\n\t\t\t\n\t\t\t\n\t\t\t\t\t\t\t\t\t\t\t\t\t\t\t\t\t\t\t\t\t\t\t\t\t\t\t\t\t\t\t\t\t\t\t\t\t\t\t\t\t\t\t\t\t\t\t\t\t\t\t\t\t\t\t\t\t\t\t\t\t\t\t\t\t\t\t\t<\/ul>\n\t<\/div>\n\t<div class=\"fusion-post-content post-content\"><h2 class=\"blog-shortcode-post-title entry-title\"><a href=\"https:\/\/www.karinoberhofer.com\/de\/kennt-ihr-re-bello\/\">Kennt ihr RE-BELLO?<\/a><\/h2><div class=\"fusion-post-content-container\"><p>Kennt ihr RE-BELLO? Ich schon, und ich liebe es! Was es ist? Ein Mode - Traum Einfach, Nachhaltig, Zeitgem\u00e4\u00dfes Design, Verantwortungsvoll, Respekt vor der Umwelt <a href=\"https:\/\/www.karinoberhofer.com\/de\/kennt-ihr-re-bello\/\">[...]<\/a><\/p><\/div><\/div><div class=\"fusion-clearfix\"><\/div><div class=\"fusion-meta-info\"><div class=\"fusion-alignleft\"><span class=\"vcard\" style=\"display: none;\"><span class=\"fn\"><a href=\"https:\/\/www.karinoberhofer.com\/de\/author\/karin\/\" title=\"Beitr\u00e4ge von Karin\" rel=\"author\">Karin<\/a><\/span><\/span><span class=\"updated\" style=\"display:none;\">2017-05-29T15:56:08+02:00<\/span><span>28 November 2016<\/span><span class=\"fusion-inline-sep\">|<\/span><a href=\"https:\/\/www.karinoberhofer.com\/de\/category\/freizeit\/\" rel=\"category tag\">Freizeit<\/a>, <a href=\"https:\/\/www.karinoberhofer.com\/de\/category\/freizeit\/\" rel=\"category tag\">Freizeit<\/a><span class=\"fusion-inline-sep\">|<\/span><span class=\"fusion-comments\"><a href=\"https:\/\/www.karinoberhofer.com\/de\/kennt-ihr-re-bello\/#respond\">0 Comments<\/a><\/span><\/div><div class=\"fusion-alignright\"><a class=\"fusion-read-more\" href=\"https:\/\/www.karinoberhofer.com\/de\/kennt-ihr-re-bello\/\" aria-label=\"More on Kennt ihr RE-BELLO?\">Read More<\/a><\/div><\/div><\/article>\n<article id=\"blog-1-post-2528\" class=\"fusion-post-medium post-2528 post type-post status-publish format-standard has-post-thumbnail hentry category-freizeit\">\n\t<style type=\"text\/css\">\n\t\t\n\t\t\n\t\t\n\t\t\n\t\t\t<\/style>\n\n\n\t\t\t<div class=\"fusion-flexslider flexslider fusion-flexslider-loading fusion-post-slideshow\" style=\"\">\n\t\t<ul class=\"slides\">\n\t\t\t\n\t\t\t\t\t\t\t\t\t\t\t\t\t\t<li><div  class=\"fusion-image-wrapper fusion-image-size-fixed\" aria-haspopup=\"true\">\n\t\t\t\t  <img width=\"320\" height=\"202\" src=\"https:\/\/www.karinoberhofer.com\/wp-content\/uploads\/2016\/11\/il-sorriso-rimane-320x202.jpeg\" class=\"attachment-blog-medium size-blog-medium wp-post-image\" alt=\"Il Sorriso rimane\" srcset=\"https:\/\/www.karinoberhofer.com\/wp-content\/uploads\/2016\/11\/il-sorriso-rimane-320x202.jpeg 320w, https:\/\/www.karinoberhofer.com\/wp-content\/uploads\/2016\/11\/il-sorriso-rimane-700x441.jpeg 700w\" sizes=\"(max-width: 320px) 100vw, 320px\" \/><div class=\"fusion-rollover\">\n\t<div class=\"fusion-rollover-content\">\n\n\t\t\t\t\n\t\t\n\t\t\t\t\t\t\t\t\t\t\t\t<h4 class=\"fusion-rollover-title\">\n\t\t\t\t\t<a class=\"fusion-rollover-title-link\" href=\"https:\/\/www.karinoberhofer.com\/de\/das-lacheln-bleibt\/\">\n\t\t\t\t\t\tDAS L\u00c4CHELN BLEIBT &#8230;\t\t\t\t\t<\/a>\n\t\t\t\t<\/h4>\n\t\t\t\n\t\t\t\t\t\t\t\t\n\t\t\n\t\t\t\t\t\t<a class=\"fusion-link-wrapper\" href=\"https:\/\/www.karinoberhofer.com\/de\/das-lacheln-bleibt\/\" aria-label=\"DAS L\u00c4CHELN BLEIBT &#8230;\"><\/a>\n\t<\/div>\n<\/div>\n<\/div>\n<\/li>\n\t\t\t\n\t\t\t\n\t\t\t\t\t\t\t\t\t\t\t\t\t\t\t\t\t\t\t\t\t\t\t\t\t\t\t\t\t\t\t\t\t\t\t\t\t\t\t\t\t\t\t\t\t\t\t\t\t\t\t\t\t\t\t\t\t\t\t\t\t\t\t\t\t\t\t\t<\/ul>\n\t<\/div>\n\t<div class=\"fusion-post-content post-content\"><h2 class=\"blog-shortcode-post-title entry-title\"><a href=\"https:\/\/www.karinoberhofer.com\/de\/das-lacheln-bleibt\/\">DAS L\u00c4CHELN BLEIBT &#8230;<\/a><\/h2><div class=\"fusion-post-content-container\"><p>Ein herzlichen Hallo euch allen, Vielen Dank f\u00fcr die ganzen Gl\u00fcckw\u00fcnschen, Botschaften, Sms, Nachrichten und Geschenke! Ich bin sehr erfreut und \u00fcberrascht \u00fcber die vielen <a href=\"https:\/\/www.karinoberhofer.com\/de\/das-lacheln-bleibt\/\">[...]<\/a><\/p><\/div><\/div><div class=\"fusion-clearfix\"><\/div><div class=\"fusion-meta-info\"><div class=\"fusion-alignleft\"><span class=\"vcard\" style=\"display: none;\"><span class=\"fn\"><a href=\"https:\/\/www.karinoberhofer.com\/de\/author\/karin\/\" title=\"Beitr\u00e4ge von Karin\" rel=\"author\">Karin<\/a><\/span><\/span><span class=\"updated\" style=\"display:none;\">2016-11-03T21:10:55+01:00<\/span><span>3 November 2016<\/span><span class=\"fusion-inline-sep\">|<\/span><a href=\"https:\/\/www.karinoberhofer.com\/de\/category\/freizeit\/\" rel=\"category tag\">Freizeit<\/a>, <a href=\"https:\/\/www.karinoberhofer.com\/de\/category\/freizeit\/\" rel=\"category tag\">Freizeit<\/a><span class=\"fusion-inline-sep\">|<\/span><span class=\"fusion-comments\"><a href=\"https:\/\/www.karinoberhofer.com\/de\/das-lacheln-bleibt\/#respond\">0 Comments<\/a><\/span><\/div><div class=\"fusion-alignright\"><a class=\"fusion-read-more\" href=\"https:\/\/www.karinoberhofer.com\/de\/das-lacheln-bleibt\/\" aria-label=\"More on DAS L\u00c4CHELN BLEIBT &#8230;\">Read More<\/a><\/div><\/div><\/article>\n<\/div><div class=\"pagination clearfix\"><span class=\"current\">1<\/span><a href=\"https:\/\/www.karinoberhofer.com\/de\/wp-json\/wp\/v2\/pages\/2353\/page\/2\/\" class=\"inactive\">2<\/a><a class=\"pagination-next\" rel=\"next\" href=\"https:\/\/www.karinoberhofer.com\/de\/wp-json\/wp\/v2\/pages\/2353\/page\/2\/\"><span class=\"page-text\">Vor<\/span><span class=\"page-next\"><\/span><\/a><\/div><div class=\"fusion-clearfix\"><\/div><\/div><div class=\"fusion-clearfix\"><\/div><\/div><\/div><\/div><style type=\"text\/css\">.fusion-fullwidth.fusion-builder-row-1 { overflow:visible; }<\/style><\/div>\n","protected":false},"excerpt":{"rendered":"","protected":false},"author":2,"featured_media":0,"parent":0,"menu_order":0,"comment_status":"open","ping_status":"open","template":"","meta":[],"_links":{"self":[{"href":"https:\/\/www.karinoberhofer.com\/de\/wp-json\/wp\/v2\/pages\/2353"}],"collection":[{"href":"https:\/\/www.karinoberhofer.com\/de\/wp-json\/wp\/v2\/pages"}],"about":[{"href":"https:\/\/www.karinoberhofer.com\/de\/wp-json\/wp\/v2\/types\/page"}],"author":[{"embeddable":true,"href":"https:\/\/www.karinoberhofer.com\/de\/wp-json\/wp\/v2\/users\/2"}],"replies":[{"embeddable":true,"href":"https:\/\/www.karinoberhofer.com\/de\/wp-json\/wp\/v2\/comments?post=2353"}],"version-history":[{"count":6,"href":"https:\/\/www.karinoberhofer.com\/de\/wp-json\/wp\/v2\/pages\/2353\/revisions"}],"predecessor-version":[{"id":2742,"href":"https:\/\/www.karinoberhofer.com\/de\/wp-json\/wp\/v2\/pages\/2353\/revisions\/2742"}],"wp:attachment":[{"href":"https:\/\/www.karinoberhofer.com\/de\/wp-json\/wp\/v2\/media?parent=2353"}],"curies":[{"name":"wp","href":"https:\/\/api.w.org\/{rel}","templated":true}]}}